{"id":748,"date":"2020-05-12T22:57:29","date_gmt":"2020-05-12T20:57:29","guid":{"rendered":"https:\/\/www.lycinaisjean.fr\/?post_type=product&#038;p=748"},"modified":"2021-10-21T02:23:51","modified_gmt":"2021-10-21T00:23:51","slug":"video-lycinais-et-esy-concert-acoustique-au-zebre-a-paris-sur-cle-usb-en-forme-de-guitare-ljek","status":"publish","type":"product","link":"https:\/\/www.lycinaisjean.fr\/index.php\/product\/video-lycinais-et-esy-concert-acoustique-au-zebre-a-paris-sur-cle-usb-en-forme-de-guitare-ljek\/","title":{"rendered":"LJEK &#8211; Vid\u00e9o Live sur Cl\u00e9 USB"},"content":{"rendered":"","protected":false},"excerpt":{"rendered":"<h2>Lycina\u00efs Jean et E.sy Kennenga video integrale du concert acoustique sur cl\u00e9 USB<\/h2>\n","protected":false},"featured_media":749,"template":"","meta":{"_expiration-date-status":"saved","_expiration-date":0,"_expiration-date-type":"","_expiration-date-categories":[],"_expiration-date-options":[]},"product_cat":[27],"product_tag":[],"_links":{"self":[{"href":"https:\/\/www.lycinaisjean.fr\/index.php\/wp-json\/wp\/v2\/product\/748"}],"collection":[{"href":"https:\/\/www.lycinaisjean.fr\/index.php\/wp-json\/wp\/v2\/product"}],"about":[{"href":"https:\/\/www.lycinaisjean.fr\/index.php\/wp-json\/wp\/v2\/types\/product"}],"wp:featuredmedia":[{"embeddable":true,"href":"https:\/\/www.lycinaisjean.fr\/index.php\/wp-json\/wp\/v2\/media\/749"}],"wp:attachment":[{"href":"https:\/\/www.lycinaisjean.fr\/index.php\/wp-json\/wp\/v2\/media?parent=748"}],"wp:term":[{"taxonomy":"product_cat","embeddable":true,"href":"https:\/\/www.lycinaisjean.fr\/index.php\/wp-json\/wp\/v2\/product_cat?post=748"},{"taxonomy":"product_tag","embeddable":true,"href":"https:\/\/www.lycinaisjean.fr\/index.php\/wp-json\/wp\/v2\/product_tag?post=748"}],"curies":[{"name":"wp","href":"https:\/\/api.w.org\/{rel}","templated":true}]}}