{"id":1030,"date":"2020-12-11T09:24:00","date_gmt":"2020-12-11T08:24:00","guid":{"rendered":"https:\/\/www.lycinaisjean.fr\/?post_type=product&#038;p=1030"},"modified":"2020-12-21T13:17:36","modified_gmt":"2020-12-21T12:17:36","slug":"lycinais-jean-meche-rebl-coffret-collector-serie-limitee-urbanmusic-rnb","status":"publish","type":"product","link":"https:\/\/www.lycinaisjean.fr\/index.php\/product\/lycinais-jean-meche-rebl-coffret-collector-serie-limitee-urbanmusic-rnb\/","title":{"rendered":"M\u00e8che Reb&#8217;l &#8211; S\u00e9rie Limit\u00e9e"},"content":{"rendered":"<p>&#8220;M\u00e8che Reb&#8217;L&#8221;, c&#8217;est un univers qui tient t\u00eate aux codes, une seule et m\u00eame histoire qui se d\u00e9couvre \u00e0 travers chaque titre.Tant\u00f4t lumineux, tant\u00f4t sombre, cet environnement musical retranscrit quelques \u00e9motions intimes qui l&#8217;ont travers\u00e9 depuis son premier album, au fil de ses exp\u00e9riences.<\/p>\n<p>&#8220;M\u00e8che Reb&#8217;L&#8221; is a universe that stands up to the codes, one story that can be discovered through each title. This musical environment &#8211; which is sometimes luminous, sometimes dark &#8211; express some intimate emotions that have crossed my mind since my first album and through my experiences.<\/p>\n<p>Tracklist :<\/p>\n<p>1. Mayday (Acoustique)<br \/>\n2. Yuh Body3. Pas \u00e0 pas (#)<br \/>\n4. Au Nom de l&#8217;Amour (#)<br \/>\n5. Tout Est Flou (#)<br \/>\n6. Pas dans l&#8217;Mood (#)<br \/>\n7. Conn*asse (#)<br \/>\n8. No<br \/>\n9. Summer Affair<br \/>\n10. Love Nest<br \/>\n11. Yuh Body (Remix)<\/p>\n<p>Non disponible en magasins -Not available in stores<\/p>\n","protected":false},"excerpt":{"rendered":"<p>Box collector rouge incluant Digisleeve Meche Reb&#8217;l et un livret 16 pages (paroles et photos in\u00e9dites)<\/p>\n<p>Collector box including Digisleeve Meche Reb&#8217;l and a 16 pages booklet (lyrics and unpublished pictures)<\/p>\n","protected":false},"featured_media":1063,"template":"","meta":{"_expiration-date-status":"saved","_expiration-date":0,"_expiration-date-type":"","_expiration-date-categories":[],"_expiration-date-options":[]},"product_cat":[22],"product_tag":[],"_links":{"self":[{"href":"https:\/\/www.lycinaisjean.fr\/index.php\/wp-json\/wp\/v2\/product\/1030"}],"collection":[{"href":"https:\/\/www.lycinaisjean.fr\/index.php\/wp-json\/wp\/v2\/product"}],"about":[{"href":"https:\/\/www.lycinaisjean.fr\/index.php\/wp-json\/wp\/v2\/types\/product"}],"wp:featuredmedia":[{"embeddable":true,"href":"https:\/\/www.lycinaisjean.fr\/index.php\/wp-json\/wp\/v2\/media\/1063"}],"wp:attachment":[{"href":"https:\/\/www.lycinaisjean.fr\/index.php\/wp-json\/wp\/v2\/media?parent=1030"}],"wp:term":[{"taxonomy":"product_cat","embeddable":true,"href":"https:\/\/www.lycinaisjean.fr\/index.php\/wp-json\/wp\/v2\/product_cat?post=1030"},{"taxonomy":"product_tag","embeddable":true,"href":"https:\/\/www.lycinaisjean.fr\/index.php\/wp-json\/wp\/v2\/product_tag?post=1030"}],"curies":[{"name":"wp","href":"https:\/\/api.w.org\/{rel}","templated":true}]}}