{"id":1025,"date":"2020-12-11T09:18:26","date_gmt":"2020-12-11T08:18:26","guid":{"rendered":"https:\/\/www.lycinaisjean.fr\/?post_type=product&#038;p=1025"},"modified":"2020-12-13T20:18:46","modified_gmt":"2020-12-13T19:18:46","slug":"meche-rebl-en-cd","status":"publish","type":"product","link":"https:\/\/www.lycinaisjean.fr\/index.php\/product\/meche-rebl-en-cd\/","title":{"rendered":"M\u00e8che Reb&#8217;l &#8211; CD"},"content":{"rendered":"<p>Cet album c&#8217;est un univers qui tient t\u00eate aux codes, une seule et m\u00eame histoire qui se d\u00e9couvre \u00e0 travers chaque titre.Tant\u00f4t lumineux, tant\u00f4t sombre, cet environnement musical retranscrit quelques \u00e9motions intimes qui l&#8217;ont travers\u00e9 depuis son premier album, au fil de ses exp\u00e9riences.<\/p>\n<p>This albumis a universe that stands up to the codes, one story that can be discovered through each title. This musical environment &#8211; which is sometimes luminous, sometimes dark &#8211; express some intimate emotions that have crossed my mind since my first album and through my experiences.<\/p>\n<p>Tracklist :<\/p>\n<p>1. Mayday (Acoustique)<br \/>\n2. Yuh Body<br \/>\n3. Pas \u00e0 pas (#)<br \/>\n4. Au Nom de l&#8217;Amour (#)<br \/>\n5. Tout Est Flou (#)<br \/>\n6. Pas dans l&#8217;Mood (#)<br \/>\n7. Conn*asse (#)<br \/>\n8. No<br \/>\n9. Summer Affair<br \/>\n10. Love Nest<br \/>\n11. Yuh Body (Remix)<\/p>\n","protected":false},"excerpt":{"rendered":"<p>Digisleeve avec CD et livret 4 pages (avec textes et photos)<\/p>\n","protected":false},"featured_media":1026,"template":"","meta":{"_expiration-date-status":"saved","_expiration-date":0,"_expiration-date-type":"","_expiration-date-categories":[],"_expiration-date-options":[]},"product_cat":[19],"product_tag":[],"_links":{"self":[{"href":"https:\/\/www.lycinaisjean.fr\/index.php\/wp-json\/wp\/v2\/product\/1025"}],"collection":[{"href":"https:\/\/www.lycinaisjean.fr\/index.php\/wp-json\/wp\/v2\/product"}],"about":[{"href":"https:\/\/www.lycinaisjean.fr\/index.php\/wp-json\/wp\/v2\/types\/product"}],"wp:featuredmedia":[{"embeddable":true,"href":"https:\/\/www.lycinaisjean.fr\/index.php\/wp-json\/wp\/v2\/media\/1026"}],"wp:attachment":[{"href":"https:\/\/www.lycinaisjean.fr\/index.php\/wp-json\/wp\/v2\/media?parent=1025"}],"wp:term":[{"taxonomy":"product_cat","embeddable":true,"href":"https:\/\/www.lycinaisjean.fr\/index.php\/wp-json\/wp\/v2\/product_cat?post=1025"},{"taxonomy":"product_tag","embeddable":true,"href":"https:\/\/www.lycinaisjean.fr\/index.php\/wp-json\/wp\/v2\/product_tag?post=1025"}],"curies":[{"name":"wp","href":"https:\/\/api.w.org\/{rel}","templated":true}]}}