{"id":384,"date":"2017-11-24T14:56:51","date_gmt":"2017-11-24T13:56:51","guid":{"rendered":"http:\/\/www.lycinaisjean.fr\/?page_id=384"},"modified":"2020-05-21T19:46:10","modified_gmt":"2020-05-21T17:46:10","slug":"cgv","status":"publish","type":"page","link":"https:\/\/www.lycinaisjean.fr\/index.php\/cgv\/","title":{"rendered":"CGV"},"content":{"rendered":"<p>[vc_row][vc_column width=&#8221;1\/3&#8243;][vc_column_text]<strong>CONDITION GENERALES DE VENTES<\/strong><\/p>\n<p>Les pr\u00e9sentes conditions g\u00e9n\u00e9rales de vente s&#8217;appliquent de plein droit \u00e0 toutes les ventes de produits conclues entre :<\/p>\n<p><strong>ARTICLE 1 &#8211; OBJET<\/strong><br \/>\n&#8211; La soci\u00e9t\u00e9 Melmax Music, S.A.R.L, au capital de 12000 \u20ac, immatricul\u00e9e au Registre du Commerce et des Soci\u00e9t\u00e9s de Paris sous le num\u00e9ro\u00a0442804126 dont le si\u00e8ge social est situ\u00e9 au 20 rue condorcet, 75009 Paris, FRANCE<br \/>\nCi-apr\u00e8s d\u00e9sign\u00e9 &#8220;Le Vendeur&#8221;,<br \/>\nEt,<br \/>\n&#8211; Les personnes physiques non commer\u00e7antes ayant la capacit\u00e9 de contracter souhaitant effectuer un achat d&#8217;un ou plusieurs articles, commercialis\u00e9s sur le site internet accessible depuis l&#8217;adresse URL https:\/\/www.lycinaisjean.com\/.<br \/>\nCi-apr\u00e8s d\u00e9sign\u00e9 &#8220;Le Client&#8221;,<br \/>\nConform\u00e9ment aux dispositions de l&#8217;article L 113-3 du Code de la consommation, les pr\u00e9sentes conditions g\u00e9n\u00e9rales de vente sont port\u00e9es \u00e0 la connaissance du Client lors de la passation de la commande, elles figurent sur le site internet de la Soci\u00e9t\u00e9 Melmax Music.<br \/>\nLa Soci\u00e9t\u00e9 Melmax Music peut modifier \u00e0 tout instant ses conditions g\u00e9n\u00e9rales de vente, publi\u00e9es sur le site internet https:\/\/www.lycinaisjean.com\/.<br \/>\nLes conditions g\u00e9n\u00e9rales de vente applicables sont celles en vigueur sur le site internet https:\/\/www.laboutiqueofficielle.com\/, au jour de la commande effectu\u00e9e par le Client.<\/p>\n<p><strong>ARTICLE 2 &#8211; ACCEPTATION DES CONDITIONS GENERALES DE VENTE<\/strong><br \/>\nToute commande effectu\u00e9e par le Client implique de fait son adh\u00e9sion sans r\u00e9serve aux pr\u00e9sentes conditions g\u00e9n\u00e9rales de vente.<br \/>\nLe Client est inform\u00e9 et accepte que le Vendeur puisse confier les op\u00e9rations de livraison aux tiers de son choix.<\/p>\n<p><strong>ARTICLE 3 &#8211; PRODUITS<\/strong><br \/>\nLes produits vendus par la Soci\u00e9t\u00e9 Melmax Music sont ceux figurant sur le site internet https:\/\/www.lycinaisjean.com\/\u00a0 au jour de sa consultation par le client.<br \/>\nChaque produit fait l&#8217;objet d&#8217;une description pr\u00e9cise, comprenant la photographie, le prix, les tailles, les couleurs disponibles et les caract\u00e9ristiques principales.<br \/>\nLes photographies des produits peuvent comprendre des diff\u00e9rences minimes entre le produit et l&#8217;illustration, selon la r\u00e9solution des couleurs de l&#8217;\u00e9cran de l&#8217;ordinateur du Client.<br \/>\nLa Soci\u00e9t\u00e9 Melmax Music s&#8217;engage \u00e0 livrer des produits conformes aux prescriptions l\u00e9gales et r\u00e9glementaires de s\u00e9curit\u00e9 et de sant\u00e9.<\/p>\n<p><strong>ARTICLE 4 &#8211; COMMANDE<\/strong><br \/>\nLe Client effectue la commande en ligne, sur le site internet accessible depuis l&#8217;adresse URL https:\/\/www.laboutiqueofficielle.com\/.<br \/>\nLe Client doit cr\u00e9er un compte client dans la rubrique \u00ab\u00a0mon compte\u00a0\u00bb.<br \/>\nToute commande effectu\u00e9e par le Client oblige celui-ci \u00e0 son paiement int\u00e9gral lors de la passation de la commande.<br \/>\nAinsi, toute commande ne sera d\u00e9finitivement prise en consid\u00e9ration qu&#8217;apr\u00e8s acceptation du paiement.<br \/>\nToute commande ne pourra \u00eatre modifi\u00e9e d\u00e8s lors qu&#8217;elle acquiert le statut \u00ab\u00a0en cours de pr\u00e9paration\u00a0\u00bb.<br \/>\nLa Soci\u00e9t\u00e9 Melmax Music s&#8217;engage \u00e0 honorer les commandes dans la limite des stocks disponibles.<br \/>\nA d\u00e9faut de disponibilit\u00e9 de l&#8217;article command\u00e9 par le Client, il en sera inform\u00e9 sans d\u00e9lai et disposera de la facult\u00e9 d&#8217;annuler sa commande, et sera rembours\u00e9 sous sept jours.<br \/>\nEn cas d&#8217;indisponibilit\u00e9 sup\u00e9rieure \u00e0 sept jours ou en cas de rupture de stock d\u00e9finitive, la Soci\u00e9t\u00e9 Melmax Music annulera la commande et proc\u00e9dera au remboursement des sommes vers\u00e9es par le Client.<br \/>\nLa Soci\u00e9t\u00e9 Melmax Music dispose de la facult\u00e9 d&#8217;annuler ou de refuser toute commande d&#8217;un Client avec lequel il existerait un litige relatif au paiement d&#8217;une pr\u00e9c\u00e9dente commande.<br \/>\nLa Soci\u00e9t\u00e9 Melmax Music pourra \u00e9mettre un avoir au client en cas d&#8217;indisponibilit\u00e9 d&#8217;un produit suite \u00e0 un retour pour \u00e9change ou indisponibilit\u00e9 de taille.<br \/>\nLe d\u00e9lai de validit\u00e9 de l&#8217;avoir est d&#8217;un (1) an, pour toute nouvelle commande effectu\u00e9e sur le site internet accessible depuis l&#8217;adresse URL https:\/\/www.lycinaisjean.com\/.<br \/>\nCependant, le Client dispose de la facult\u00e9 de demander le remboursement de l&#8217;avoir, pendant toute la dur\u00e9e de validit\u00e9 de celui-ci.<br \/>\nlycinaisjean.com pourra \u00eatre en droit de r\u00e9clamer aupr\u00e8s du client un justificatif d&#8217;identit\u00e9 et \/ ou de domicile pour s&#8217;assurer de l&#8217;identit\u00e9 du d\u00e9tenteur de la carte bancaire utilis\u00e9e pour le paiement.<\/p>\n<p><strong>Article 5 \u2013 PRIX<\/strong><br \/>\nLes prix indiqu\u00e9s sur les fiches produits sont exprim\u00e9s en Euros, et s&#8217;entendent toutes taxes comprises, hors frais de port.<br \/>\nLa taxe sur la valeur ajout\u00e9e applicable est celle en vigueur, en France m\u00e9tropolitaine, au jour de la commande.<br \/>\nLa Soci\u00e9t\u00e9 Melmax Music se r\u00e9serve la facult\u00e9 de modifier ses prix \u00e0 sa convenance.<br \/>\nLes produits command\u00e9s sont factur\u00e9s aux tarifs en vigueur lors de l&#8217;enregistrement de la commande, sous r\u00e9serve de la disponibilit\u00e9 des produits.<br \/>\nLe prix total indiqu\u00e9 dans la confirmation de commande comprend le prix des produits, les frais de manutention, les frais de port.<br \/>\nPour certains articles, des frais de port suppl\u00e9mentaires s&#8217;ajouteront aux frais de ports forfaitaires, dont le montant sera d\u00fbment pr\u00e9cis\u00e9 dans l&#8217;offre de vente.<br \/>\nLes prix des produits pour les DOM-TOM, Suisse, et autres pays hors UE sont indiqu\u00e9s Hors Taxes.<br \/>\nLes commandes effectu\u00e9es sur le site internet https:\/\/www.laboutiqueofficielle.com\/, destin\u00e9es Hors France m\u00e9tropolitaine pourront \u00eatre soumises \u00e0 des taxes \u00e9ventuelles et des droits de douane.<br \/>\nLe Client est tenu de s&#8217;informer des \u00e9ventuels droits de douane et frais \u00e9ventuels applicables \u00e0 sa situation en cas de commande.<br \/>\nCes droits de douane et frais \u00e9ventuels sont \u00e0 la charge exclusive du Client.<\/p>\n<p><strong>Article 6 \u2013 MODALITES DE PAIEMENT<\/strong><br \/>\nLors de l&#8217;acceptation de la commande par le Vendeur, le Client s&#8217;engage \u00e0 verser au Vendeur, l&#8217;int\u00e9gralit\u00e9 du paiement.<br \/>\nA d\u00e9faut, la commande ne sera pas trait\u00e9e.<br \/>\nLe r\u00e8glement de la commande s&#8217;effectue soit,<br \/>\n\u2022\u00a0\u00a0 \u00a0Soit par carte bancaire,<br \/>\n\u2022\u00a0\u00a0 \u00a0Soit par mandat cash \u00e0 l&#8217;ordre de la Soci\u00e9t\u00e9 Melmax Music, 20 rue Condorcet 75009 Paris<br \/>\n\u2022\u00a0\u00a0 \u00a0Soit par \u00ab\u00a0Paypal\u00a0\u00bb.<br \/>\nLes transactions effectu\u00e9es sur le site internet https:\/\/www.lycinaisjean.com\/ sont prot\u00e9g\u00e9es par le syst\u00e8me universel de cryptage SSL (Secure Socket Layer).<br \/>\nLes donn\u00e9es bancaires du Client sont uniquement connues de l&#8217;\u00e9tablissement bancaire \u00ab HiPay \u00bb et ne transitent pas par le serveur web du site internet https:\/\/www.lycinaisjean.com\/.<br \/>\nLes informations concernant votre commande font l&#8217;objet d&#8217;un traitement automatis\u00e9 par la soci\u00e9t\u00e9 Melmax Music.<br \/>\nCe traitement automatis\u00e9 de donn\u00e9es vise \u00e0 lutter contre la fraude \u00e0 la carte bancaire.<br \/>\nLa Soci\u00e9t\u00e9 Melmax Music est le destinataire des donn\u00e9es en rapport avec la commande.<br \/>\nLa non-transmission des donn\u00e9es emp\u00eache l&#8217;analyse de la transaction.<br \/>\nLa survenance d&#8217;un impay\u00e9 suite \u00e0 une utilisation frauduleuse de carte bancaire, une d\u00e9claration irr\u00e9guli\u00e8re entra\u00eenent l&#8217;inscription des coordonn\u00e9es en rapport avec la commande, sur un fichier incident de paiement de la Soci\u00e9t\u00e9 Melmax Music.<br \/>\nEn vertu de la loi n\u00b078-17 Informatique et Libert\u00e9s du 6 janvier 1978, le Client dispose d&#8217;un droit d&#8217;acc\u00e8s, de rectification et d&#8217;opposition, \u00e0 tout instant sur l&#8217;ensemble de ses donn\u00e9es personnelles en formulant une requ\u00eate \u00e9crite \u00e0 la Soci\u00e9t\u00e9 Melmax Music \u2013 Service Informatique et Libert\u00e9s \u2013 BP 248, 75424 PARIS Cedex 09[\/vc_column_text][\/vc_column][vc_column width=&#8221;1\/3&#8243;][vc_column_text]<strong>Article 7 \u2013 MODALITES DE LIVRAISON<\/strong><br \/>\nLes produits command\u00e9s sont envoy\u00e9s \u00e0 l&#8217;adresse de livraison indiqu\u00e9e par le Client lors de sa commande, sous r\u00e9serve que celle-ci soit comprise dans les zones de livraisons autoris\u00e9es, pr\u00e9cis\u00e9es dans l&#8217;offre de vente.<br \/>\nEn cas d&#8217;erreur ou omission du Client dans la communication de l&#8217;adresse de livraison, la Soci\u00e9t\u00e9 Melmax Music ne saurait \u00eatre tenue pour responsable de l&#8217;impossibilit\u00e9 de livrer les produits command\u00e9s.<br \/>\nLa Soci\u00e9t\u00e9 Melmax Music s&#8217;engage \u00e0 livrer les produits dans un d\u00e9lai maximal de sept (7) jours, \u00e0 compter de la r\u00e9ception du paiement.<br \/>\nEn cas de d\u00e9passement du d\u00e9lai de livraison, non justifi\u00e9 par un cas de force majeure, le Client disposera de la facult\u00e9 de demander la r\u00e9solution du contrat de vente, et d&#8217;obtenir le remboursement des sommes vers\u00e9es sous un d\u00e9lai de quatorze (14) jours.<br \/>\nLes hypoth\u00e8ses de retour de colis par le transporteur sont \u00e0 la charge exclusive du Client.<br \/>\nLa Soci\u00e9t\u00e9 Melmax Music contactera par mail le client, afin que celui-ci communique son adresse compl\u00e8te, ainsi qu&#8217;un ch\u00e8que pour les frais d&#8217;envoi de sa commande d&#8217;un montant de\u00a0:<\/p>\n<p>_ Six Euros (6,00 Euros) pour une exp\u00e9dition du produit par So Colissimo Domicile (livraison \u00e0 domicile),<\/p>\n<p>_ Cinq Euros (5,00 Euros) pour une exp\u00e9dition So Colissimo Relais (livraison dans des commerces de proximit\u00e9).<\/p>\n<p>Sans r\u00e9ponse du Client sous un (1) mois \u00e0 compter de l&#8217;envoi du mail, la Soci\u00e9t\u00e9 Melmax Music proc\u00e9dera \u00e0 la remise en vente des produits command\u00e9s.<\/p>\n<p>Le Client b\u00e9n\u00e9ficiera d&#8217;un avoir d&#8217;un montant correspondant au montant de la commande, hors frais de port, ou pourra demander le remboursement de son avoir.<\/p>\n<p><strong>Article 8 \u2013 DROIT DE RETRACTATION<\/strong><br \/>\nLe Client dispose de la facult\u00e9 de se retracter du pr\u00e9sent contrat sans motif dans un d\u00e9lai de quatorze (14) jours francs, \u00e0 compter de la date o\u00f9 il prend physiquement possession du bien.<br \/>\nLe Client doit notifier par mail sa volont\u00e9 de renoncer \u00e0 la vente dans le d\u00e9lai de quatorze jours francs, \u00e0 l&#8217;adresse suivante\u00a0: editions@melmax.fr<br \/>\nLe client peut utiliser le formulaire de retractation suivant ou toute autre d\u00e9claration d\u00e9nu\u00e9e d&#8217;ambiguit\u00e9 :<br \/>\n&#8220;(Veuillez compl\u00e9ter et renvoyer le pr\u00e9sent formulaire uniquement si vous souhaitez vous retracter de la vente).<br \/>\nA l&#8217;attention de la soci\u00e9t\u00e9 Melmax Music, BP248 75424 Paris Cedex 09<br \/>\nJe soussign\u00e9 (nom, pr\u00e9nom, adresse) vous notifie par la pr\u00e9sente ma retractation du contrat portant sur la vente du bien (pr\u00e9ciser la d\u00e9signation), command\u00e9 le (pr\u00e9ciser la date) et re\u00e7u le (pr\u00e9ciser la date)<br \/>\nSignature et date &#8220;.<br \/>\nLe client recevra sans d\u00e9lai un accus\u00e9 de r\u00e9ception de la r\u00e9tractation.<br \/>\nPour que ce d\u00e9lai de r\u00e9tractation soit respect\u00e9, le Client doit transmettre sa communication relative \u00e0 l&#8217;exercice du droit de r\u00e9tractation avant l&#8217;expiration du d\u00e9lai de retractation.<br \/>\nEn cas de r\u00e9tractation, les frais r\u00e9sultant de l&#8217;acheminement des produits en retour resteront \u00e0 la charge du Client.<\/p>\n<p>A r\u00e9ception des produits en retour, le remboursement est effectu\u00e9 en utilisant le moyen de paiement que le Client a utilis\u00e9 pour la transaction initiale, sauf si le Client et le vendeur conviennent express\u00e9ment d&#8217;un moyen diff\u00e9rent; en tout \u00e9tat de cause, ce remboursement n&#8217;occasionnera pas de frais pour le Client.<\/p>\n<p>Les produits devront \u00eatre retourn\u00e9s, sans retard excessif, et , en tout \u00e9tat de cause, au plus tard quatorze (14) jours apr\u00e8s la communication de la d\u00e9cision de retractation. Ce d\u00e9lai est r\u00e9put\u00e9 respect\u00e9 si vous renvoyez les produits avant l&#8217;expiration du d\u00e9lai de quatorze (14) jours.<\/p>\n<p>En tout \u00e9tat de cause, les produits devront \u00eatre retourn\u00e9s \u00e0 l&#8217;\u00e9tat neuf, dans leurs emballages d&#8217;origines et accompagn\u00e9s de la facture.<\/p>\n<p>Les produits doivent \u00eatre retourn\u00e9s \u00e0 l&#8217;adresse suivante\u00a0:<\/p>\n<p>Soci\u00e9t\u00e9 Melmax Music<br \/>\nBP248<br \/>\n75424 Paris Cedex 09<br \/>\nFRANCE<\/p>\n<p>La responsabilit\u00e9 du consommateur est engag\u00e9e en cas de d\u00e9pr\u00e9ciation des biens r\u00e9sultant de manipulations autres que celles n\u00e9cessaires pour \u00e9tablir la nature, les caract\u00e9ristiques et le bon fonctionnement de ces biens, \u00e0 savoir lorsque les articles sont retourn\u00e9s incomplets, ab\u00eem\u00e9s, endommag\u00e9s, utilis\u00e9s ou salis.<br \/>\nVous b\u00e9n\u00e9ficiez de 14 jours pour nous retourner votre produit si celui-ci ne vous convient pas.<br \/>\nConditions particuli\u00e8res li\u00e9es aux f\u00eates de fin d&#8217;ann\u00e9e<br \/>\nPour les f\u00eates de fin d&#8217;ann\u00e9e et \u00e0 partir du 1er d\u00e9cembre 2017 (date de commande), Melmax Music accorde un droit de retour de vos articles jusqu&#8217;au 9 janvier 2018\u00a0inclus (cachet du transporteur faisant foi) pour vous permettre d&#8217;\u00e9changer un cadeau de no\u00ebl en toute s\u00e9r\u00e9nit\u00e9.<br \/>\nLes commandes pass\u00e9es apr\u00e8s le 22 d\u00e9cembre suivront la politique de retour habituelle de 14 jours pour retourner vos articles.<\/p>\n<p><strong>Conditions particuli\u00e8res applicables aux ventes de v\u00eatements (T Shirt\u2026):<\/strong><br \/>\nPour des raisons d&#8217;hygi\u00e8ne, sauf d\u00e9faut de fabrication, le droit de r\u00e9tractation ne peut \u00eatre exerc\u00e9 par le Client dans ce type de contrat de vente.<br \/>\nConditions particuli\u00e8res des pochettes cadeau \/ emballages cadeau<br \/>\nSauf d\u00e9faut de fabrication, les produits identifi\u00e9s &#8220;emballage cadeau&#8221; ou &#8220;pochette cadeau&#8221; ne pourront pas \u00eatre rembours\u00e9s ni \u00e9chang\u00e9s.<\/p>\n<p><strong>Article 9 \u2013 GARANTIE<\/strong><br \/>\nLe Vendeur s&#8217;engage \u00e0 livrer un bien conforme \u00e0 la commande effectu\u00e9e par le Client.<br \/>\nEn cas de non-conformit\u00e9, le Vendeur r\u00e9pond des d\u00e9fauts de conformit\u00e9 du bien objet du contrat, dans les conditions pr\u00e9vues \u00e0 l&#8217;article L 211-4 et suivants du Code de la consommation, ainsi que les d\u00e9fauts cach\u00e9s de la chose vendue, dans les conditions pr\u00e9vues aux articles 1641 et suivants du Code civil.<br \/>\n&#8220;Article L.211-5 du Code de la consommation :<br \/>\nPour \u00eatre conforme au contrat, le bien doit :<\/p>\n<p>1\u00b0 Etre propre \u00e0 l&#8217;usage habituellement attendu d&#8217;un bien semblable et, le cas \u00e9ch\u00e9ant :<br \/>\n&#8211; correspondre \u00e0 la description donn\u00e9e par le vendeur et poss\u00e9der les qualit\u00e9s que celui-ci a pr\u00e9sent\u00e9es \u00e0 l&#8217;acheteur sous forme d&#8217;\u00e9chantillon ou de mod\u00e8le ;<br \/>\n&#8211; pr\u00e9senter les qualit\u00e9s qu&#8217;un acheteur peut l\u00e9gitimement attendre eu \u00e9gard aux d\u00e9clarations publiques faites par le vendeur, par le producteur ou par son repr\u00e9sentant, notamment dans la publicit\u00e9 ou l&#8217;\u00e9tiquetage ;<\/p>\n<p>2\u00b0 Ou pr\u00e9senter les caract\u00e9ristiques d\u00e9finies d&#8217;un commun accord par les parties ou \u00eatre propre \u00e0 tout usage sp\u00e9cial recherch\u00e9 par l&#8217;acheteur , port\u00e9 \u00e0 la connaissance du vendeur et que ce dernier a accept\u00e9.&#8221;<br \/>\nLorsqu&#8217;une demande au titre de cette garantie l\u00e9gale de conformit\u00e9 est formul\u00e9e par le Client, la demande est adress\u00e9e par e-mail \u00e0 l&#8217;adresse de contact suivante : editions@melmax.fr (inscrire en objet du mail &#8220;garantie l\u00e9gale de conformit\u00e9&#8221;) ou par voie postale \u00e0 l&#8217;adresse suivante :<\/p>\n<p>Soci\u00e9t\u00e9 Melmax Music,<br \/>\nGarantie l\u00e9gale de conformit\u00e9<br \/>\nBP248<br \/>\n75424 Paris Cedex 09<br \/>\nFRANCE<\/p>\n<p>[\/vc_column_text][\/vc_column][vc_column width=&#8221;1\/3&#8243;][vc_column_text]Le client est inform\u00e9 que lorsqu&#8217;il agit en garantie l\u00e9gale de conformit\u00e9, il b\u00e9n\u00e9ficie :<br \/>\n&#8211; d&#8217;un choix entre la r\u00e9paration ou le remplacement du bien. Toutefois le Vendeur peut ne pas proc\u00e9der selon le choix de l&#8217;acheteur si ce choix entra\u00eene un co\u00fbt manifestement disproportionn\u00e9 au regard de l&#8217;autre modalit\u00e9, compte tenu de la valeur du bien ou de l&#8217;importance du d\u00e9faut. Le vendeur est alors tenu de proc\u00e9der, sauf impossibilit\u00e9, selon la modalit\u00e9 non choisie par l&#8217;acheteur.<br \/>\nLa garantie l\u00e9gale s&#8217;applique ind\u00e9pendamment de la garantie commerciale \u00e9ventuellement consentie.<br \/>\nSi le client d\u00e9cide de mettre en jeu la garantie contre les vices cach\u00e9s de la chose vendue, au sens de l&#8217;article 1641 du Code civil, et uniquement dans cette hypoth\u00e8se, il peut choisir soit, la r\u00e9solution de la vente, soit la r\u00e9duction du prix conform\u00e9ment \u00e0 l&#8217;article 1644 du Code civil.<\/p>\n<p><strong>Article 10 \u2013 STOCK<\/strong><br \/>\nLe Client est inform\u00e9 que, pour les produits pr\u00e9sent\u00e9s \u00e0 la vente sur le site internet https:\/\/www.lycinaisjeancom\/, les d\u00e9lais de livraison et les prix ne sont garantis que dans la limite des stocks disponibles.<\/p>\n<p><strong>Article 11 \u2013 RESERVE DE PROPRIETE<\/strong><br \/>\nLes produits sont vendus sous r\u00e9serve de propri\u00e9t\u00e9.<br \/>\nLe Vendeur conserve la propri\u00e9t\u00e9 des produits jusqu&#8217;au paiement int\u00e9gral du prix par le Client.<\/p>\n<p><strong>Article 12 \u2013 FORCE MAJEURE<\/strong><br \/>\nAucune des parties ne pourra \u00eatre tenue responsable si elle est emp\u00each\u00e9e ou retard\u00e9e dans l&#8217;ex\u00e9cution de ses obligations pour cause de force majeure, r\u00e9sultant d&#8217;un \u00e9v\u00e9nement impr\u00e9visible, irr\u00e9sistible et ext\u00e9rieure \u00e0 leurs volont\u00e9s.<br \/>\nNotamment, en cas d&#8217;incendie, d\u2019\u00e9v\u00e9nements climatiques, de catastrophes naturelles ou tout autre accident ayant provoqu\u00e9 la destruction totale ou partielle de l&#8217;entreprise, une gr\u00e8ve g\u00e9n\u00e9rale, le manque de force motrice ou de mati\u00e8res premi\u00e8res r\u00e9sultant d&#8217;une cause d&#8217;ordre g\u00e9n\u00e9rale.<br \/>\nEn cas de force majeure, la livraison sera report\u00e9e \u00e0 une date ult\u00e9rieure apr\u00e8s cessation de l\u2019\u00e9v\u00e9nement de force majeure, sans que le Client et le Vendeur ne puissent r\u00e9clamer une quelconque indemnit\u00e9, pour quelque pr\u00e9judice que ce soit.<br \/>\nSi l\u2019\u00e9v\u00e9nement de force majeure d\u00e9passe une dur\u00e9e de quatre (4) semaines, chacune des parties aura la facult\u00e9 de r\u00e9silier le contrat par lettre recommand\u00e9e avec accus\u00e9 de r\u00e9ception, sans frais.<br \/>\nDans ce cas, le Vendeur restituera les sommes vers\u00e9es par le Client lors de la passation de la commande, \u00e0 l&#8217;exclusion de toutes autres indemnit\u00e9s dues par le Vendeur au Client.<\/p>\n<p><strong>Article 13 \u2013 CONTACT ET SERVICE CLIENTEL<\/strong><br \/>\nPour exercer son droit de r\u00e9tractation, le Client doit envoyer un mail \u00e0 la Soci\u00e9t\u00e9<\/p>\n<p>Melmax Music<br \/>\nBP248<br \/>\n75424 Paris Cedex 09<br \/>\nFRANCE , \u00e0 l&#8217;adresse suivante\u00a0: contact@laboutiqueofficielle.com.<\/p>\n<p><strong>Article 14 \u2013 INFORMATIONS ET DONNEES PERSONNELLES<\/strong><br \/>\nEn vertu de la loi n\u00b078-17 Informatique et Libert\u00e9s du 6 janvier 1978, le Client dispose d&#8217;un droit d&#8217;acc\u00e8s, de rectification et d&#8217;opposition, \u00e0 tout instant sur l&#8217;ensemble de ses donn\u00e9es personnelles en formulant une requ\u00eate transmise par courrier \u00e0 la Soci\u00e9t\u00e9 Melmax Music, sise BP248 75424 Paris Cedex 09.<br \/>\nEn fonction des choix \u00e9mis par le Client lors de la cr\u00e9ation ou de la consultation de son compte Client, le Client pourra recevoir des offres de la Soci\u00e9t\u00e9 Melmax Music, de ses prestataires et de ses partenaires.<br \/>\nLe Client peut \u00e0 tout instant formuler une demande de modification des choix \u00e9mis, soit en acc\u00e9dant \u00e0 la rubrique \u00ab\u00a0mon compte\u00a0\u00bb sur le site internet\u00a0 https:\/\/www.lycinaisjeancom\/, soit en formulant une requ\u00eate par mail \u00e0 l&#8217;adresse editions@melmax.fr<\/p>\n<p><strong>Article 15 \u2013 PROPRIETE INTELLECTUELLE<\/strong><br \/>\nTous les textes, commentaires, images et photographies de produits faisant l&#8217;objet d&#8217;une reproduction sur le site internet https:\/\/www.laboutiqueofficielle.com\/, sont la propri\u00e9t\u00e9 exclusive de la Soci\u00e9t\u00e9 Melmax Music, et font l&#8217;objet d&#8217;une protection par le droit d&#8217;auteur.<br \/>\nToute reproduction, m\u00eame automatis\u00e9e des pages de pr\u00e9sentation des produits ou toutes autres pages du site, \u00e0 des fins commerciales, est prohib\u00e9e.<br \/>\nSeule est autoris\u00e9e l&#8217;indexation automatique des pages du site r\u00e9sultant du r\u00e9f\u00e9rencement naturel dans les moteurs de recherche internet.<br \/>\nAinsi, conform\u00e9ment aux dispositions du Code de la propri\u00e9t\u00e9 intellectuelle, seule l&#8217;utilisation des textes, commentaires et images pour un usage priv\u00e9 est autoris\u00e9e.<br \/>\nToute autre utilisation est constitutive d&#8217;un acte de contrefa\u00e7on.<br \/>\nLa Soci\u00e9t\u00e9 Melmax Music se r\u00e9serve la facult\u00e9 d&#8217;engager toutes poursuites judiciaires pour garantir ses droits contre toutes personnes agissant en violation des pr\u00e9sentes dispositions.<\/p>\n<p><strong>Article 16 \u2013 DROIT APPLICABLE ET JURIDICTION COMPETENTE<\/strong><br \/>\nLes pr\u00e9sentes conditions g\u00e9n\u00e9rales de vente sont r\u00e9gies par le droit fran\u00e7ais.<br \/>\nTout litige entre le Vendeur et le Client r\u00e9sultat de la formation, de l&#8217;interpr\u00e9tation ou de l&#8217;ex\u00e9cution du contrat de vente rel\u00e8vera, \u00e0 d\u00e9faut de solution amiable, des Tribunaux territorialement comp\u00e9tents.[\/vc_column_text][\/vc_column][\/vc_row]<\/p>\n","protected":false},"excerpt":{"rendered":"<p>[vc_row][vc_column width=&#8221;1\/3&#8243;][vc_column_text]CONDITION GENERALES DE VENTES Les pr\u00e9sentes conditions g\u00e9n\u00e9rales de vente s&#8217;appliquent de plein droit \u00e0 toutes les ventes de produits conclues entre : ARTICLE 1 &#8211; OBJET &#8211; La soci\u00e9t\u00e9 Melmax Music, S.A.R.L, au capital de 12000 \u20ac, immatricul\u00e9e au Registre du Commerce et des Soci\u00e9t\u00e9s de Paris sous le num\u00e9ro\u00a0442804126 dont le si\u00e8ge&#8230;<\/p>\n","protected":false},"author":1,"featured_media":0,"parent":0,"menu_order":0,"comment_status":"closed","ping_status":"closed","template":"","meta":{"_expiration-date-status":"saved","_expiration-date":0,"_expiration-date-type":"","_expiration-date-categories":[],"_expiration-date-options":[]},"_links":{"self":[{"href":"https:\/\/www.lycinaisjean.fr\/index.php\/wp-json\/wp\/v2\/pages\/384"}],"collection":[{"href":"https:\/\/www.lycinaisjean.fr\/index.php\/wp-json\/wp\/v2\/pages"}],"about":[{"href":"https:\/\/www.lycinaisjean.fr\/index.php\/wp-json\/wp\/v2\/types\/page"}],"author":[{"embeddable":true,"href":"https:\/\/www.lycinaisjean.fr\/index.php\/wp-json\/wp\/v2\/users\/1"}],"replies":[{"embeddable":true,"href":"https:\/\/www.lycinaisjean.fr\/index.php\/wp-json\/wp\/v2\/comments?post=384"}],"version-history":[{"count":21,"href":"https:\/\/www.lycinaisjean.fr\/index.php\/wp-json\/wp\/v2\/pages\/384\/revisions"}],"predecessor-version":[{"id":453,"href":"https:\/\/www.lycinaisjean.fr\/index.php\/wp-json\/wp\/v2\/pages\/384\/revisions\/453"}],"wp:attachment":[{"href":"https:\/\/www.lycinaisjean.fr\/index.php\/wp-json\/wp\/v2\/media?parent=384"}],"curies":[{"name":"wp","href":"https:\/\/api.w.org\/{rel}","templated":true}]}}