{"id":12,"date":"2017-01-17T00:30:47","date_gmt":"2017-01-17T00:30:47","guid":{"rendered":"http:\/\/www.wiselythemes.com\/wordpress\/beat\/demo1\/?page_id=12"},"modified":"2020-05-31T10:49:46","modified_gmt":"2020-05-31T08:49:46","slug":"bio","status":"publish","type":"page","link":"https:\/\/www.lycinaisjean.fr\/index.php\/bio\/","title":{"rendered":"Bio"},"content":{"rendered":"<p>[vc_row wt_row_bg_size=&#8221;cover&#8221; wt_row_padding_top=&#8221;no-padding-top&#8221; wt_row_padding_bottom=&#8221;no-padding-bottom&#8221; wt_row_class=&#8221;.proche&#8221;][vc_column el_class=&#8221;.proche&#8221;][vc_single_image image=&#8221;196&#8243; img_size=&#8221;full&#8221; alignment=&#8221;center&#8221;][\/vc_column][\/vc_row][vc_row wt_row_bg_repeat=&#8221;repeat&#8221; wt_row_padding_top=&#8221;no-padding-top&#8221; wt_row_padding_bottom=&#8221;no-padding-bottom&#8221; wt_row_divider_color=&#8221;#e2e2e2&#8243;][vc_column][vc_column_text]<strong>En effet, elle refuse de rentrer dans un personnage, et entre autres, de cacher sa GAYt\u00e9 ! Ce que le public appr\u00e9cie grandement !<\/strong><\/p>\n<p><strong>De succ\u00e8s en p\u00e9rip\u00e9ties dans ce milieu\u00a0difficile, elle finit par faire la rencontre de Bruno Messy qui devient son Manager.<\/strong><\/p>\n<p><strong>Elle se retrouve alors \u00e0 son tour en t\u00eate d\u2019affiche, en se produisant notamment dans des salles mythiques, entre autres, l\u2019\u00c9lys\u00e9e Montmartre \u00e0 Paris, \u00e0 l\u2019occasion de la sortie de son premier album (\u00e9ponyme).<\/strong><\/p>\n<p><strong>Apr\u00e8s plus de 150 concerts \u00e0\u00a0son actif, son deuxi\u00e8me album est en route&#8230; et c\u2019est pour la rentr\u00e9e !<\/strong><\/p>\n<p><strong>Le 29 mai 2020, son single \u00ab Au Nom De L\u2019amour \u00bb, 1er extrait de son nouvel album, tr\u00e8s attendu par ses fans, est enfin sorti sur toutes les plateformes !<\/strong><\/p>\n<p><strong>Il n\u2019y a pas de doute, c\u2019est face \u00e0 son public que Lycina\u00efs donne le meilleur d&#8217;elle m\u00eame, seule avec sa guitare ou accompagn\u00e9e de ses musiciens.<\/strong><\/p>\n<p><strong>Quant \u00e0 ses airs de dure \u00e0 cuire\u00a0?\u00a0une fois sur sc\u00e8ne, ils fondent comme neige au soleil&#8230;<\/strong>[\/vc_column_text][vc_empty_space height=&#8221;810px&#8221; el_class=&#8221;bio&#8221; css=&#8221;.vc_custom_1590574047928{background-image: url(https:\/\/www.lycinaisjean.fr\/wp-content\/uploads\/2017\/01\/img16_big.jpg?id=83) !important;}&#8221;][\/vc_column][\/vc_row][vc_row][vc_column]\t\t\t\t<div class=\"row\">\r\n\t\t\t<div class=\"col-sm-12\">\r\n\t\t\t\t<h1 class=\"section-title center\">Albums<\/h1>\r\n\t\t\t<\/div>\r\n\t\t<\/div>\r\n\t\t\t\t[\/vc_column][\/vc_row][vc_row][vc_column]\t\t<div class=\"row\">\n\t\t\t\t\t<div class=\"album\">\n\t\t\t\t<div class=\"album-img col-sm-4\">\n\t\t\t\t\t<div class=\"album-img-wrap\">\n\t\t\t\t\t\t\t\t\t\t\t<div class=\"title\">First<\/div>\n\t\t\t\t\t\t\t\t\t\t\t\n\t\t\t\t\t\t\t\t\t\t\t<img width=\"700\" height=\"490\" src=\"https:\/\/www.lycinaisjean.fr\/wp-content\/uploads\/2017\/01\/lycinaisJean-photos1.jpg\" class=\"attachment-full size-full wp-post-image\" alt=\"lycinais-jean-profil\" loading=\"lazy\" srcset=\"https:\/\/www.lycinaisjean.fr\/wp-content\/uploads\/2017\/01\/lycinaisJean-photos1.jpg 700w, https:\/\/www.lycinaisjean.fr\/wp-content\/uploads\/2017\/01\/lycinaisJean-photos1-600x420.jpg 600w, https:\/\/www.lycinaisjean.fr\/wp-content\/uploads\/2017\/01\/lycinaisJean-photos1-300x210.jpg 300w\" sizes=\"(max-width: 700px) 100vw, 700px\" \/>\t\t\t\t\t\t\t\t\t\t<\/div>\n\t\t\t\t\t\n\t\t\t\t\t\t\t\t\t\t<div class=\"album-buttons\">\n\t\t\t\t\t<a href=\"https:\/\/open.spotify.com\/embed\/album\/1kuwN5w1oJkL3IDZ4RTQf1\" title=\"iTunes\" target=\"_blank\"><i class=\"fa fa-spotify\"><\/i><\/a><a href=\"https:\/\/w.soundcloud.com\/player\/?url=https\/\/api.soundcloud.com\/playlists\/373970531secret_tokens-25V7D&#038;color=4d392f&#038;auto_play=false&#038;hide_related=false&#038;show_comments=true&#038;show_user=true&#038;show_reposts=false&#038;show_teaser=true\" title=\"Soundcloud\" target=\"_blank\"><i class=\"fa fa-soundcloud\"><\/i><\/a><a href=\"http:\/\/www.deezer.com\/fr\/album\/49505482?utm_source=deezer&#038;utm_content=album-49505482&#038;utm_term=20372442_1509706909&#038;utm_medium=web\" title=\"deezer\" target=\"_blank\"><i class=\"fa fa-bar-chart\"><\/i><\/a>\t\t\t\t\t<\/div>\n\t\t\t\t\t\t\t\t\t<\/div>\n\t\t\t\t\n\t\t\t\t<div class=\"album-info col-sm-8\">\n\t\t\t\t\t<h3>\n\t\t\t\t\t\tLycina\u00efs Jean<br>\n\t\t\t\t\t\t\n\t\t\t\t\t\t\t\t\t\t\t\t\t<span>Lycina\u00efs Jean<\/span>\n\t\t\t\t\t\t\t\t\t\t\t\t\n\t\t\t\t\t\t\t\t\t\t\t\t\t<span>2016<\/span>\n\t\t\t\t\t\t\t\t\t\t\t<\/h3>\n\t\t\t\t\t\n\t\t\t\t\t<p>En 3 singles et 2 ann\u00e9es \u00e0 encha\u00eener les concerts, Lycina\u00efs Jean s\u2019est impos\u00e9e comme la nouvelle voix de la chanson Car\u00efb\u00e9enne.<br \/>\nCes nouvelles chansons ont \u00e9t\u00e9 \u00e9crites entre 2015 et 2017, maquett\u00e9s au fil de ses d\u00e9placements entre Outre Mer et M\u00e9tropole, avant de rejoindre Mickael Johann et Alban Sturaro pour finaliser les enregistrements.<br \/>\nUn premier album, dans lequel Lycina\u00efs partage ses doutes &#8220;Je suis condamn\u00e9e \u00bb, ses passions\u00a0 \u00ab Parfait tourment \u00bb , ses espoirs \u00ab Arc en ciel \u00bb et nous propose un bel \u00e9quilibre entre ballades et titres Pop.<\/p>\n\n\t\t\t\t\t<ol>\n\t\t\t\t\t\t\t\t\t\t\t\t<li >\n\t\t\t\t\t\t\t\t<span>Aimer<\/span>\n\t\t\t\t\t\t\t\t<span class=\"buttons\">\n\t\t\t\t\t\t\t\t<a href=\"\" title=\"spotify\" target=\"_blank\"><i class=\"fa fa-spotify\"><\/i><\/a><a href=\"\" title=\"Deezer\" target=\"_blank\"><i class=\"fa fa-bar-chart\"><\/i><\/a><a href=\"http:\/\/www.lycinaisjean.fr\/index.php\/produit\/cd-lycinais-jean\/\" title=\"buy\" target=\"_blank\"><i class=\"fa fa-shopping-cart\"><\/i><\/a>\t\t\t\t\t\t\t\t<\/span>\n\t\t\t\t\t\t\t<\/li>\n\t\t\t\t\t\t\t\t\t\t\t\t<li class=\"darker\">\n\t\t\t\t\t\t\t\t<span>Parfait Tourment<\/span>\n\t\t\t\t\t\t\t\t<span class=\"buttons\">\n\t\t\t\t\t\t\t\t<a href=\"\" title=\"spotify\" target=\"_blank\"><i class=\"fa fa-spotify\"><\/i><\/a><a href=\"\" title=\"Deezer\" target=\"_blank\"><i class=\"fa fa-bar-chart\"><\/i><\/a><a href=\"http:\/\/www.lycinaisjean.fr\/index.php\/produit\/cd-lycinais-jean\/\" title=\"buy\" target=\"_blank\"><i class=\"fa fa-shopping-cart\"><\/i><\/a>\t\t\t\t\t\t\t\t<\/span>\n\t\t\t\t\t\t\t<\/li>\n\t\t\t\t\t\t\t\t\t\t\t\t<li class=\"darker\">\n\t\t\t\t\t\t\t\t<span>Je Suis Condamn\u00e9e<\/span>\n\t\t\t\t\t\t\t\t<span class=\"buttons\">\n\t\t\t\t\t\t\t\t<a href=\"\" title=\"spotify\" target=\"_blank\"><i class=\"fa fa-spotify\"><\/i><\/a><a href=\"\" title=\"deezer\" target=\"_blank\"><i class=\"fa fa-bar-chart\"><\/i><\/a><a href=\"http:\/\/www.lycinaisjean.fr\/index.php\/produit\/cd-lycinais-jean\/\" title=\"but\" target=\"_blank\"><i class=\"fa fa-shopping-cart\"><\/i><\/a>\t\t\t\t\t\t\t\t<\/span>\n\t\t\t\t\t\t\t<\/li>\n\t\t\t\t\t\t\t\t\t\t\t\t<li >\n\t\t\t\t\t\t\t\t<span>Avant Tout<\/span>\n\t\t\t\t\t\t\t\t<span class=\"buttons\">\n\t\t\t\t\t\t\t\t<a href=\"\" title=\"spotify\" target=\"_blank\"><i class=\"fa fa-spotify\"><\/i><\/a><a href=\"\" title=\"deezer\" target=\"_blank\"><i class=\"fa fa-bar-chart\"><\/i><\/a><a href=\"http:\/\/www.lycinaisjean.fr\/index.php\/produit\/cd-lycinais-jean\/\" title=\"buy\" target=\"_blank\"><i class=\"fa fa-shopping-cart\"><\/i><\/a>\t\t\t\t\t\t\t\t<\/span>\n\t\t\t\t\t\t\t<\/li>\n\t\t\t\t\t\t\t\t\t\t\t\t<li >\n\t\t\t\t\t\t\t\t<span>Le Temps Passe<\/span>\n\t\t\t\t\t\t\t\t<span class=\"buttons\">\n\t\t\t\t\t\t\t\t<a href=\"\" title=\"spotify\" target=\"_blank\"><i class=\"fa fa-spotify\"><\/i><\/a><a href=\"\" title=\"deezer\" target=\"_blank\"><i class=\"fa fa-bar-chart\"><\/i><\/a><a href=\"http:\/\/www.lycinaisjean.fr\/index.php\/produit\/cd-lycinais-jean\/\" title=\"buy\" target=\"_blank\"><i class=\"fa fa-shopping-cart\"><\/i><\/a>\t\t\t\t\t\t\t\t<\/span>\n\t\t\t\t\t\t\t<\/li>\n\t\t\t\t\t\t\t\t\t\t\t\t<li class=\"darker\">\n\t\t\t\t\t\t\t\t<span>L'Arc-En-Ciel<\/span>\n\t\t\t\t\t\t\t\t<span class=\"buttons\">\n\t\t\t\t\t\t\t\t<a href=\"\" title=\"spotify\" target=\"_blank\"><i class=\"fa fa-spotify\"><\/i><\/a><a href=\"\" title=\"deezer\" target=\"_blank\"><i class=\"fa fa-bar-chart\"><\/i><\/a><a href=\"http:\/\/www.lycinaisjean.fr\/index.php\/produit\/cd-lycinais-jean\/\" title=\"buy\" target=\"_blank\"><i class=\"fa fa-shopping-cart\"><\/i><\/a>\t\t\t\t\t\t\t\t<\/span>\n\t\t\t\t\t\t\t<\/li>\n\t\t\t\t\t\t\t\t\t\t\t\t<li class=\"darker\">\n\t\t\t\t\t\t\t\t<span>Si Tu Veux De Moi<\/span>\n\t\t\t\t\t\t\t\t<span class=\"buttons\">\n\t\t\t\t\t\t\t\t<a href=\"\" title=\"spotify\" target=\"_blank\"><i class=\"fa fa-spotify\"><\/i><\/a><a href=\"\" title=\"deezer\" target=\"_blank\"><i class=\"fa fa-bar-chart\"><\/i><\/a><a href=\"http:\/\/www.lycinaisjean.fr\/index.php\/produit\/cd-lycinais-jean\/\" title=\"buy\" target=\"_blank\"><i class=\"fa fa-shopping-cart\"><\/i><\/a>\t\t\t\t\t\t\t\t<\/span>\n\t\t\t\t\t\t\t<\/li>\n\t\t\t\t\t\t\t\t\t\t\t\t<li >\n\t\t\t\t\t\t\t\t<span>Mwen Enmew<\/span>\n\t\t\t\t\t\t\t\t<span class=\"buttons\">\n\t\t\t\t\t\t\t\t<a href=\"\" title=\"spotify\" target=\"_blank\"><i class=\"fa fa-spotify\"><\/i><\/a><a href=\"\" title=\"deezer\" target=\"_blank\"><i class=\"fa fa-bar-chart\"><\/i><\/a><a href=\"http:\/\/www.lycinaisjean.fr\/index.php\/produit\/cd-lycinais-jean\/\" title=\"buy\" target=\"_blank\"><i class=\"fa fa-shopping-cart\"><\/i><\/a>\t\t\t\t\t\t\t\t<\/span>\n\t\t\t\t\t\t\t<\/li>\n\t\t\t\t\t\t\t\t\t\t\t\t<li >\n\t\t\t\t\t\t\t\t<span>Entre Nous<\/span>\n\t\t\t\t\t\t\t\t<span class=\"buttons\">\n\t\t\t\t\t\t\t\t<a href=\"\" title=\"spotify\" target=\"_blank\"><i class=\"fa fa-spotify\"><\/i><\/a><a href=\"\" title=\"deezer\" target=\"_blank\"><i class=\"fa fa-bar-chart\"><\/i><\/a><a href=\"http:\/\/www.lycinaisjean.fr\/index.php\/produit\/cd-lycinais-jean\/\" title=\"buy\" target=\"_blank\"><i class=\"fa fa-shopping-cart\"><\/i><\/a>\t\t\t\t\t\t\t\t<\/span>\n\t\t\t\t\t\t\t<\/li>\n\t\t\t\t\t\t\t\t\t\t\t\t<li class=\"darker\">\n\t\t\t\t\t\t\t\t<span>Take Me Higher<\/span>\n\t\t\t\t\t\t\t\t<span class=\"buttons\">\n\t\t\t\t\t\t\t\t<a href=\"\" title=\"spotify\" target=\"_blank\"><i class=\"fa fa-spotify\"><\/i><\/a><a href=\"\" title=\"deezer\" target=\"_blank\"><i class=\"fa fa-bar-chat\"><\/i><\/a><a href=\"http:\/\/www.lycinaisjean.fr\/index.php\/produit\/cd-lycinais-jean\/\" title=\"buy\" target=\"_blank\"><i class=\"fa fa-shopping-cart\"><\/i><\/a>\t\t\t\t\t\t\t\t<\/span>\n\t\t\t\t\t\t\t<\/li>\n\t\t\t\t\t\t\t\t\t\t<\/ol>\n\t\t\t\t<\/div>\n\t\t\t<\/div>\n\t\t\t\t<\/div>\n\t\t<script type=\"text\/javascript\">jQuery(document).ready(function(){Beat.albumList();});<\/script>\n[\/vc_column][\/vc_row]<\/p>\n","protected":false},"excerpt":{"rendered":"<p>[vc_row wt_row_bg_size=&#8221;cover&#8221; wt_row_padding_top=&#8221;no-padding-top&#8221; wt_row_padding_bottom=&#8221;no-padding-bottom&#8221; wt_row_class=&#8221;.proche&#8221;][vc_column el_class=&#8221;.proche&#8221;][vc_single_image image=&#8221;196&#8243; img_size=&#8221;full&#8221; alignment=&#8221;center&#8221;][\/vc_column][\/vc_row][vc_row wt_row_bg_repeat=&#8221;repeat&#8221; wt_row_padding_top=&#8221;no-padding-top&#8221; wt_row_padding_bottom=&#8221;no-padding-bottom&#8221; wt_row_divider_color=&#8221;#e2e2e2&#8243;][vc_column][vc_column_text]En effet, elle refuse de rentrer dans un personnage, et entre autres, de cacher sa GAYt\u00e9 ! Ce que le public appr\u00e9cie grandement ! De succ\u00e8s en p\u00e9rip\u00e9ties dans ce milieu\u00a0difficile, elle finit par faire la rencontre de Bruno Messy qui devient son&#8230;<\/p>\n","protected":false},"author":1,"featured_media":0,"parent":0,"menu_order":0,"comment_status":"closed","ping_status":"closed","template":"","meta":{"_expiration-date-status":"saved","_expiration-date":0,"_expiration-date-type":"","_expiration-date-categories":[],"_expiration-date-options":[]},"_links":{"self":[{"href":"https:\/\/www.lycinaisjean.fr\/index.php\/wp-json\/wp\/v2\/pages\/12"}],"collection":[{"href":"https:\/\/www.lycinaisjean.fr\/index.php\/wp-json\/wp\/v2\/pages"}],"about":[{"href":"https:\/\/www.lycinaisjean.fr\/index.php\/wp-json\/wp\/v2\/types\/page"}],"author":[{"embeddable":true,"href":"https:\/\/www.lycinaisjean.fr\/index.php\/wp-json\/wp\/v2\/users\/1"}],"replies":[{"embeddable":true,"href":"https:\/\/www.lycinaisjean.fr\/index.php\/wp-json\/wp\/v2\/comments?post=12"}],"version-history":[{"count":74,"href":"https:\/\/www.lycinaisjean.fr\/index.php\/wp-json\/wp\/v2\/pages\/12\/revisions"}],"predecessor-version":[{"id":952,"href":"https:\/\/www.lycinaisjean.fr\/index.php\/wp-json\/wp\/v2\/pages\/12\/revisions\/952"}],"wp:attachment":[{"href":"https:\/\/www.lycinaisjean.fr\/index.php\/wp-json\/wp\/v2\/media?parent=12"}],"curies":[{"name":"wp","href":"https:\/\/api.w.org\/{rel}","templated":true}]}}